{"id":4253,"date":"2022-02-25T09:06:18","date_gmt":"2022-02-25T09:06:18","guid":{"rendered":"https:\/\/inspireopenspace.projectlibrary.eu\/kursanci\/"},"modified":"2023-11-21T10:23:54","modified_gmt":"2023-11-21T10:23:54","slug":"kursanci","status":"publish","type":"page","link":"https:\/\/inspireopenspace.projectlibrary.eu\/pl\/kursanci\/","title":{"rendered":"KURSANCI"},"content":{"rendered":"\t\t<div data-elementor-type=\"wp-page\" data-elementor-id=\"4253\" class=\"elementor elementor-4253 elementor-16\">\n\t\t\t\t\t\t<section class=\"elementor-section elementor-top-section elementor-element elementor-element-7bce8ee elementor-section-boxed elementor-section-height-default elementor-section-height-default\" data-id=\"7bce8ee\" data-element_type=\"section\" data-e-type=\"section\">\n\t\t\t\t\t\t<div class=\"elementor-container elementor-column-gap-default\">\n\t\t\t\t\t<div class=\"elementor-column elementor-col-100 elementor-top-column elementor-element elementor-element-1ecaaaf\" data-id=\"1ecaaaf\" data-element_type=\"column\" data-e-type=\"column\">\n\t\t\t<div class=\"elementor-widget-wrap elementor-element-populated\">\n\t\t\t\t\t\t<div class=\"elementor-element elementor-element-0605dfe elementor-widget elementor-widget-heading\" data-id=\"0605dfe\" data-element_type=\"widget\" data-e-type=\"widget\" data-widget_type=\"heading.default\">\n\t\t\t\t<div class=\"elementor-widget-container\">\n\t\t\t\t\t<h3 class=\"elementor-heading-title elementor-size-default\">Witamy w TNA - Analiza potrzeb szkoleniowych<\/h3>\t\t\t\t<\/div>\n\t\t\t\t<\/div>\n\t\t\t\t<div class=\"elementor-element elementor-element-8e5f79d elementor-widget elementor-widget-text-editor\" data-id=\"8e5f79d\" data-element_type=\"widget\" data-e-type=\"widget\" data-widget_type=\"text-editor.default\">\n\t\t\t\t<div class=\"elementor-widget-container\">\n\t\t\t\t\t\t\t\t\t<p>Prosimy o wype\u0142nienie poni\u017cszych test\u00f3w, zgodnie z poziomem kwalifikacji: EQF 5 (studenci VET) lub EQF 6 (studenci studi\u00f3w licencjackich).<\/p>\n<p>Po zako\u0144czeniu testu sprawd\u017a swoje wyniki. Je\u015bli uzyska\u0142e\u015b wynik <strong>poni\u017cej 60%<\/strong> dla danej kompetencji, mo\u017cesz kontynuowa\u0107 szkolenie w zakresie tej kompetencji.<\/p>\n\t\t\t\t\t\t\t\t<\/div>\n\t\t\t\t<\/div>\n\t\t\t\t\t<\/div>\n\t\t<\/div>\n\t\t\t\t\t<\/div>\n\t\t<\/section>\n\t\t\t\t<section class=\"elementor-section elementor-top-section elementor-element elementor-element-e6f7969 elementor-section-boxed elementor-section-height-default elementor-section-height-default\" data-id=\"e6f7969\" data-element_type=\"section\" data-e-type=\"section\">\n\t\t\t\t\t\t<div class=\"elementor-container elementor-column-gap-default\">\n\t\t\t\t\t<div class=\"elementor-column elementor-col-50 elementor-top-column elementor-element elementor-element-333c007\" data-id=\"333c007\" data-element_type=\"column\" data-e-type=\"column\">\n\t\t\t<div class=\"elementor-widget-wrap elementor-element-populated\">\n\t\t\t\t\t\t<div class=\"elementor-element elementor-element-8753176 elementor-align-center elementor-widget elementor-widget-button\" data-id=\"8753176\" data-element_type=\"widget\" data-e-type=\"widget\" data-widget_type=\"button.default\">\n\t\t\t\t<div class=\"elementor-widget-container\">\n\t\t\t\t\t\t\t\t\t<div class=\"elementor-button-wrapper\">\n\t\t\t\t\t<a class=\"elementor-button elementor-button-link elementor-size-sm\" href=\"https:\/\/inspireopenspace.projectlibrary.eu\/tna-1\/\">\n\t\t\t\t\t\t<span class=\"elementor-button-content-wrapper\">\n\t\t\t\t\t\t\t\t\t<span class=\"elementor-button-text\">EQF 5<\/span>\n\t\t\t\t\t<\/span>\n\t\t\t\t\t<\/a>\n\t\t\t\t<\/div>\n\t\t\t\t\t\t\t\t<\/div>\n\t\t\t\t<\/div>\n\t\t\t\t\t<\/div>\n\t\t<\/div>\n\t\t\t\t<div class=\"elementor-column elementor-col-50 elementor-top-column elementor-element elementor-element-04a5e23\" data-id=\"04a5e23\" data-element_type=\"column\" data-e-type=\"column\">\n\t\t\t<div class=\"elementor-widget-wrap elementor-element-populated\">\n\t\t\t\t\t\t<div class=\"elementor-element elementor-element-c161c92 elementor-align-center elementor-widget elementor-widget-button\" data-id=\"c161c92\" data-element_type=\"widget\" data-e-type=\"widget\" data-widget_type=\"button.default\">\n\t\t\t\t<div class=\"elementor-widget-container\">\n\t\t\t\t\t\t\t\t\t<div class=\"elementor-button-wrapper\">\n\t\t\t\t\t<a class=\"elementor-button elementor-button-link elementor-size-sm\" href=\"https:\/\/inspireopenspace.projectlibrary.eu\/tna-eqf-6\/\">\n\t\t\t\t\t\t<span class=\"elementor-button-content-wrapper\">\n\t\t\t\t\t\t\t\t\t<span class=\"elementor-button-text\">EQF 6<\/span>\n\t\t\t\t\t<\/span>\n\t\t\t\t\t<\/a>\n\t\t\t\t<\/div>\n\t\t\t\t\t\t\t\t<\/div>\n\t\t\t\t<\/div>\n\t\t\t\t\t<\/div>\n\t\t<\/div>\n\t\t\t\t\t<\/div>\n\t\t<\/section>\n\t\t\t\t<\/div>\n\t\t","protected":false},"excerpt":{"rendered":"<p>Witamy w TNA &#8211; Analiza potrzeb szkoleniowych Prosimy o wype\u0142nienie poni\u017cszych test\u00f3w, zgodnie z poziomem kwalifikacji: EQF 5 (studenci VET) lub EQF [&hellip;]<\/p>\n","protected":false},"author":1,"featured_media":0,"parent":0,"menu_order":0,"comment_status":"closed","ping_status":"closed","template":"elementor_header_footer","meta":{"footnotes":""},"class_list":["post-4253","page","type-page","status-publish","hentry"],"_links":{"self":[{"href":"https:\/\/inspireopenspace.projectlibrary.eu\/pl\/wp-json\/wp\/v2\/pages\/4253","targetHints":{"allow":["GET"]}}],"collection":[{"href":"https:\/\/inspireopenspace.projectlibrary.eu\/pl\/wp-json\/wp\/v2\/pages"}],"about":[{"href":"https:\/\/inspireopenspace.projectlibrary.eu\/pl\/wp-json\/wp\/v2\/types\/page"}],"author":[{"embeddable":true,"href":"https:\/\/inspireopenspace.projectlibrary.eu\/pl\/wp-json\/wp\/v2\/users\/1"}],"replies":[{"embeddable":true,"href":"https:\/\/inspireopenspace.projectlibrary.eu\/pl\/wp-json\/wp\/v2\/comments?post=4253"}],"version-history":[{"count":1,"href":"https:\/\/inspireopenspace.projectlibrary.eu\/pl\/wp-json\/wp\/v2\/pages\/4253\/revisions"}],"predecessor-version":[{"id":4254,"href":"https:\/\/inspireopenspace.projectlibrary.eu\/pl\/wp-json\/wp\/v2\/pages\/4253\/revisions\/4254"}],"wp:attachment":[{"href":"https:\/\/inspireopenspace.projectlibrary.eu\/pl\/wp-json\/wp\/v2\/media?parent=4253"}],"curies":[{"name":"wp","href":"https:\/\/api.w.org\/{rel}","templated":true}]}}