{"id":4243,"date":"2022-02-25T08:59:22","date_gmt":"2022-02-25T08:59:22","guid":{"rendered":"https:\/\/inspireopenspace.projectlibrary.eu\/home\/"},"modified":"2023-11-21T09:11:48","modified_gmt":"2023-11-21T09:11:48","slug":"home","status":"publish","type":"page","link":"https:\/\/inspireopenspace.projectlibrary.eu\/pl\/","title":{"rendered":"HOME"},"content":{"rendered":"\t\t<div data-elementor-type=\"wp-page\" data-elementor-id=\"4243\" class=\"elementor elementor-4243 elementor-9\">\n\t\t\t\t\t\t<section class=\"elementor-section elementor-top-section elementor-element elementor-element-b42caf5 elementor-section-boxed elementor-section-height-default elementor-section-height-default\" data-id=\"b42caf5\" data-element_type=\"section\" data-e-type=\"section\">\n\t\t\t\t\t\t<div class=\"elementor-container elementor-column-gap-default\">\n\t\t\t\t\t<div class=\"elementor-column elementor-col-100 elementor-top-column elementor-element elementor-element-fdd7bb1\" data-id=\"fdd7bb1\" data-element_type=\"column\" data-e-type=\"column\">\n\t\t\t<div class=\"elementor-widget-wrap elementor-element-populated\">\n\t\t\t\t\t\t<div class=\"elementor-element elementor-element-0c21dcf elementor-widget elementor-widget-heading\" data-id=\"0c21dcf\" data-element_type=\"widget\" data-e-type=\"widget\" data-widget_type=\"heading.default\">\n\t\t\t\t<div class=\"elementor-widget-container\">\n\t\t\t\t\t<h2 class=\"elementor-heading-title elementor-size-default\">Witaj w otwartym, e-learningowym \u015brodowisku projektu INSPIRE.<\/h2>\t\t\t\t<\/div>\n\t\t\t\t<\/div>\n\t\t\t\t<div class=\"elementor-element elementor-element-1ac59ad elementor-widget elementor-widget-text-editor\" data-id=\"1ac59ad\" data-element_type=\"widget\" data-e-type=\"widget\" data-widget_type=\"text-editor.default\">\n\t\t\t\t<div class=\"elementor-widget-container\">\n\t\t\t\t\t\t\t\t\t<p>Dzi\u015b, jako trenerzy i uczestnicy szkole\u0144, musimy zaakceptowa\u0107 er\u0119 cyfrow\u0105. Technologia w edukacji otwiera ogromny \u015bwiat mo\u017cliwo\u015bci w zakresie przekazywania, udost\u0119pniania i anga\u017cowania uczestnik\u00f3w prezentuj\u0105cych r\u00f3\u017cne pomys\u0142y, fakty i teorie. Co wi\u0119cej, komunikacja jest dzi\u015b znacznie \u0142atwiejsza dzi\u0119ki platformom internetowym. Z tego powodu partnerstwo INSPIRE opracuje otwart\u0105 przestrze\u0144 e-learningow\u0105 \/ online.<\/p>\n<p>Przestrze\u0144 online b\u0119dzie opiera\u0107 si\u0119 na za\u0142o\u017ceniu, \u017ce wiedza powinna by\u0107 rozpowszechniana i swobodnie udost\u0119pniana za po\u015brednictwem Internetu z korzy\u015bci\u0105 dla ca\u0142ego spo\u0142ecze\u0144stwa, a tak\u017ce na komunikacji os\u00f3b z r\u00f3\u017cnych \u015brodowisk, ale o wsp\u00f3lnych zainteresowaniach, takich jak osoby uczestnicz\u0105ce w szkoleniu INSPIRE. mog\u0105 z \u0142atwo\u015bci\u0105 spotyka\u0107 si\u0119 i dyskutowa\u0107 na tematy, kt\u00f3re wymagaj\u0105 informacji zwrotnej, burzy m\u00f3zg\u00f3w, nowych pomys\u0142\u00f3w itp. U\u017cytkownik ko\u0144cowy przestrzeni internetowej INSPIRE b\u0119dzie m\u00f3g\u0142 korzysta\u0107 z zasob\u00f3w edukacyjnych lub je czyta\u0107.<\/p>\n<p>Poniewa\u017c wszystkie zasoby b\u0119d\u0105 do pobrania lub hiper\u0142\u0105cza. Opracowana przestrze\u0144 b\u0119dzie \u015bwiadczy\u0107 us\u0142ugi jako e-biblioteka, materia\u0142y szkoleniowe i komunikacja mi\u0119dzy u\u017cytkownikami\/forum. Jej g\u0142\u00f3wn\u0105 misj\u0105 b\u0119dzie gromadzenie, organizowanie, przechowywanie i zapewnianie dost\u0119pu do wiedzy i informacji. B\u0119dzie dostarcza\u0107 informacji i us\u0142ug, kt\u00f3re s\u0105 niezb\u0119dne do nauki i post\u0119pu, a tak\u017ce promowa\u0107 dialog mi\u0119dzy studentami, trenerami i facylitatorami.<\/p>\n\t\t\t\t\t\t\t\t<\/div>\n\t\t\t\t<\/div>\n\t\t\t\t<div class=\"elementor-element elementor-element-eb17a43 elementor-widget-divider--view-line elementor-widget elementor-widget-divider\" data-id=\"eb17a43\" data-element_type=\"widget\" data-e-type=\"widget\" data-widget_type=\"divider.default\">\n\t\t\t\t<div class=\"elementor-widget-container\">\n\t\t\t\t\t\t\t<div class=\"elementor-divider\">\n\t\t\t<span class=\"elementor-divider-separator\">\n\t\t\t\t\t\t<\/span>\n\t\t<\/div>\n\t\t\t\t\t\t<\/div>\n\t\t\t\t<\/div>\n\t\t\t\t\t<\/div>\n\t\t<\/div>\n\t\t\t\t\t<\/div>\n\t\t<\/section>\n\t\t\t\t<section class=\"elementor-section elementor-top-section elementor-element elementor-element-4c9834f elementor-section-boxed elementor-section-height-default elementor-section-height-default\" data-id=\"4c9834f\" data-element_type=\"section\" data-e-type=\"section\">\n\t\t\t\t\t\t<div class=\"elementor-container elementor-column-gap-default\">\n\t\t\t\t\t<div class=\"elementor-column elementor-col-25 elementor-top-column elementor-element elementor-element-cc207bc\" data-id=\"cc207bc\" data-element_type=\"column\" data-e-type=\"column\">\n\t\t\t<div class=\"elementor-widget-wrap elementor-element-populated\">\n\t\t\t\t\t\t<div class=\"elementor-element elementor-element-8a840d8 elementor-view-default elementor-position-block-start elementor-mobile-position-block-start elementor-widget elementor-widget-icon-box\" data-id=\"8a840d8\" data-element_type=\"widget\" data-e-type=\"widget\" data-widget_type=\"icon-box.default\">\n\t\t\t\t<div class=\"elementor-widget-container\">\n\t\t\t\t\t\t\t<div class=\"elementor-icon-box-wrapper\">\n\n\t\t\t\t\t\t<div class=\"elementor-icon-box-icon\">\n\t\t\t\t<a href=\"https:\/\/inspireopenspace.projectlibrary.eu\/trainers\/\" class=\"elementor-icon\" tabindex=\"-1\" aria-label=\"TRENERZY\">\n\t\t\t\t<i aria-hidden=\"true\" class=\"fas fa-user\"><\/i>\t\t\t\t<\/a>\n\t\t\t<\/div>\n\t\t\t\n\t\t\t\t\t\t<div class=\"elementor-icon-box-content\">\n\n\t\t\t\t\t\t\t\t\t<h3 class=\"elementor-icon-box-title\">\n\t\t\t\t\t\t<a href=\"https:\/\/inspireopenspace.projectlibrary.eu\/trainers\/\" >\n\t\t\t\t\t\t\tTRENERZY\t\t\t\t\t\t<\/a>\n\t\t\t\t\t<\/h3>\n\t\t\t\t\n\t\t\t\t\t\t\t\t\t<p class=\"elementor-icon-box-description\">\n\t\t\t\t\t\tZarejestruj si\u0119 jako trener, aby uzyska\u0107 dost\u0119p do materia\u0142\u00f3w szkoleniowych dotycz\u0105cych poziom\u00f3w 5 i 6 EQF.\t\t\t\t\t<\/p>\n\t\t\t\t\n\t\t\t<\/div>\n\t\t\t\n\t\t<\/div>\n\t\t\t\t\t\t<\/div>\n\t\t\t\t<\/div>\n\t\t\t\t\t<\/div>\n\t\t<\/div>\n\t\t\t\t<div class=\"elementor-column elementor-col-25 elementor-top-column elementor-element elementor-element-1c56087\" data-id=\"1c56087\" data-element_type=\"column\" data-e-type=\"column\">\n\t\t\t<div class=\"elementor-widget-wrap elementor-element-populated\">\n\t\t\t\t\t\t<div class=\"elementor-element elementor-element-e796a3e elementor-view-default elementor-position-block-start elementor-mobile-position-block-start elementor-widget elementor-widget-icon-box\" data-id=\"e796a3e\" data-element_type=\"widget\" data-e-type=\"widget\" data-widget_type=\"icon-box.default\">\n\t\t\t\t<div class=\"elementor-widget-container\">\n\t\t\t\t\t\t\t<div class=\"elementor-icon-box-wrapper\">\n\n\t\t\t\t\t\t<div class=\"elementor-icon-box-icon\">\n\t\t\t\t<a href=\"https:\/\/inspireopenspace.projectlibrary.eu\/learners\/\" class=\"elementor-icon\" tabindex=\"-1\" aria-label=\"KURSANCI\">\n\t\t\t\t<i aria-hidden=\"true\" class=\"fas fa-users\"><\/i>\t\t\t\t<\/a>\n\t\t\t<\/div>\n\t\t\t\n\t\t\t\t\t\t<div class=\"elementor-icon-box-content\">\n\n\t\t\t\t\t\t\t\t\t<h3 class=\"elementor-icon-box-title\">\n\t\t\t\t\t\t<a href=\"https:\/\/inspireopenspace.projectlibrary.eu\/learners\/\" >\n\t\t\t\t\t\t\tKURSANCI\t\t\t\t\t\t<\/a>\n\t\t\t\t\t<\/h3>\n\t\t\t\t\n\t\t\t\t\t\t\t\t\t<p class=\"elementor-icon-box-description\">\n\t\t\t\t\t\tNarz\u0119dzie TNA dla kursant\u00f3w\t\t\t\t\t<\/p>\n\t\t\t\t\n\t\t\t<\/div>\n\t\t\t\n\t\t<\/div>\n\t\t\t\t\t\t<\/div>\n\t\t\t\t<\/div>\n\t\t\t\t\t<\/div>\n\t\t<\/div>\n\t\t\t\t<div class=\"elementor-column elementor-col-25 elementor-top-column elementor-element elementor-element-2120ae7\" data-id=\"2120ae7\" data-element_type=\"column\" data-e-type=\"column\">\n\t\t\t<div class=\"elementor-widget-wrap elementor-element-populated\">\n\t\t\t\t\t\t<div class=\"elementor-element elementor-element-d0a13e6 elementor-view-default elementor-position-block-start elementor-mobile-position-block-start elementor-widget elementor-widget-icon-box\" data-id=\"d0a13e6\" data-element_type=\"widget\" data-e-type=\"widget\" data-widget_type=\"icon-box.default\">\n\t\t\t\t<div class=\"elementor-widget-container\">\n\t\t\t\t\t\t\t<div class=\"elementor-icon-box-wrapper\">\n\n\t\t\t\t\t\t<div class=\"elementor-icon-box-icon\">\n\t\t\t\t<a href=\"https:\/\/inspireopenspace.projectlibrary.eu\/open-sources\/\" class=\"elementor-icon\" tabindex=\"-1\" aria-label=\"E-BIBLIOTEKA\">\n\t\t\t\t<i aria-hidden=\"true\" class=\"fas fa-book-reader\"><\/i>\t\t\t\t<\/a>\n\t\t\t<\/div>\n\t\t\t\n\t\t\t\t\t\t<div class=\"elementor-icon-box-content\">\n\n\t\t\t\t\t\t\t\t\t<h3 class=\"elementor-icon-box-title\">\n\t\t\t\t\t\t<a href=\"https:\/\/inspireopenspace.projectlibrary.eu\/open-sources\/\" >\n\t\t\t\t\t\t\tE-BIBLIOTEKA\t\t\t\t\t\t<\/a>\n\t\t\t\t\t<\/h3>\n\t\t\t\t\n\t\t\t\t\t\t\t\t\t<p class=\"elementor-icon-box-description\">\n\t\t\t\t\t\tDost\u0119p do e-biblioteki z ksi\u0105\u017ckami, artyku\u0142ami, plikami PPT, filmami, stronami internetowymi, materia\u0142ami szkoleniowymi, zalecan\u0105 bibliografi\u0105\t\t\t\t\t<\/p>\n\t\t\t\t\n\t\t\t<\/div>\n\t\t\t\n\t\t<\/div>\n\t\t\t\t\t\t<\/div>\n\t\t\t\t<\/div>\n\t\t\t\t\t<\/div>\n\t\t<\/div>\n\t\t\t\t<div class=\"elementor-column elementor-col-25 elementor-top-column elementor-element elementor-element-6984884\" data-id=\"6984884\" data-element_type=\"column\" data-e-type=\"column\">\n\t\t\t<div class=\"elementor-widget-wrap elementor-element-populated\">\n\t\t\t\t\t\t<div class=\"elementor-element elementor-element-cb83ed1 elementor-view-default elementor-position-block-start elementor-mobile-position-block-start elementor-widget elementor-widget-icon-box\" data-id=\"cb83ed1\" data-element_type=\"widget\" data-e-type=\"widget\" data-widget_type=\"icon-box.default\">\n\t\t\t\t<div class=\"elementor-widget-container\">\n\t\t\t\t\t\t\t<div class=\"elementor-icon-box-wrapper\">\n\n\t\t\t\t\t\t<div class=\"elementor-icon-box-icon\">\n\t\t\t\t<a href=\"https:\/\/inspireopenspace.projectlibrary.eu\/forum\/\" class=\"elementor-icon\" tabindex=\"-1\" aria-label=\"Forum\">\n\t\t\t\t<i aria-hidden=\"true\" class=\"far fa-comment-dots\"><\/i>\t\t\t\t<\/a>\n\t\t\t<\/div>\n\t\t\t\n\t\t\t\t\t\t<div class=\"elementor-icon-box-content\">\n\n\t\t\t\t\t\t\t\t\t<h3 class=\"elementor-icon-box-title\">\n\t\t\t\t\t\t<a href=\"https:\/\/inspireopenspace.projectlibrary.eu\/forum\/\" >\n\t\t\t\t\t\t\tForum\t\t\t\t\t\t<\/a>\n\t\t\t\t\t<\/h3>\n\t\t\t\t\n\t\t\t\t\t\t\t\t\t<p class=\"elementor-icon-box-description\">\n\t\t\t\t\t\tWymiana wiedzy mi\u0119dzy trenerami i praktykantami\t\t\t\t\t<\/p>\n\t\t\t\t\n\t\t\t<\/div>\n\t\t\t\n\t\t<\/div>\n\t\t\t\t\t\t<\/div>\n\t\t\t\t<\/div>\n\t\t\t\t\t<\/div>\n\t\t<\/div>\n\t\t\t\t\t<\/div>\n\t\t<\/section>\n\t\t\t\t<section class=\"elementor-section elementor-top-section elementor-element elementor-element-e8968b9 elementor-section-boxed elementor-section-height-default elementor-section-height-default\" data-id=\"e8968b9\" data-element_type=\"section\" data-e-type=\"section\">\n\t\t\t\t\t\t<div class=\"elementor-container elementor-column-gap-default\">\n\t\t\t\t\t<div class=\"elementor-column elementor-col-100 elementor-top-column elementor-element elementor-element-20d6902\" data-id=\"20d6902\" data-element_type=\"column\" data-e-type=\"column\">\n\t\t\t<div class=\"elementor-widget-wrap elementor-element-populated\">\n\t\t\t\t\t\t<div class=\"elementor-element elementor-element-0dff205 elementor-widget-divider--view-line elementor-widget elementor-widget-divider\" data-id=\"0dff205\" data-element_type=\"widget\" data-e-type=\"widget\" data-widget_type=\"divider.default\">\n\t\t\t\t<div class=\"elementor-widget-container\">\n\t\t\t\t\t\t\t<div class=\"elementor-divider\">\n\t\t\t<span class=\"elementor-divider-separator\">\n\t\t\t\t\t\t<\/span>\n\t\t<\/div>\n\t\t\t\t\t\t<\/div>\n\t\t\t\t<\/div>\n\t\t\t\t<div class=\"elementor-element elementor-element-4a13540 elementor-widget elementor-widget-heading\" data-id=\"4a13540\" data-element_type=\"widget\" data-e-type=\"widget\" data-widget_type=\"heading.default\">\n\t\t\t\t<div class=\"elementor-widget-container\">\n\t\t\t\t\t<h3 class=\"elementor-heading-title elementor-size-default\">PARTNERSTWO<\/h3>\t\t\t\t<\/div>\n\t\t\t\t<\/div>\n\t\t\t\t<div class=\"elementor-element elementor-element-18d903a elementor-widget elementor-widget-image-carousel\" data-id=\"18d903a\" data-element_type=\"widget\" data-e-type=\"widget\" data-settings=\"{&quot;slides_to_show&quot;:&quot;6&quot;,&quot;navigation&quot;:&quot;none&quot;,&quot;autoplay&quot;:&quot;yes&quot;,&quot;pause_on_hover&quot;:&quot;yes&quot;,&quot;pause_on_interaction&quot;:&quot;yes&quot;,&quot;autoplay_speed&quot;:5000,&quot;infinite&quot;:&quot;yes&quot;,&quot;speed&quot;:500}\" data-widget_type=\"image-carousel.default\">\n\t\t\t\t<div class=\"elementor-widget-container\">\n\t\t\t\t\t\t\t<div class=\"elementor-image-carousel-wrapper swiper\" role=\"region\" aria-roledescription=\"carousel\" aria-label=\"Karuzela obrazk\u00f3w\" dir=\"ltr\">\n\t\t\t<div class=\"elementor-image-carousel swiper-wrapper\" aria-live=\"off\">\n\t\t\t\t\t\t\t\t<div class=\"swiper-slide\" role=\"group\" aria-roledescription=\"slide\" aria-label=\"1 z 6\"><figure class=\"swiper-slide-inner\"><img decoding=\"async\" class=\"swiper-slide-image\" src=\"https:\/\/inspireopenspace.projectlibrary.eu\/wp-content\/uploads\/2022\/02\/logo-150x150.jpg\" alt=\"logo\" \/><\/figure><\/div><div class=\"swiper-slide\" role=\"group\" aria-roledescription=\"slide\" aria-label=\"2 z 6\"><figure class=\"swiper-slide-inner\"><img decoding=\"async\" class=\"swiper-slide-image\" src=\"https:\/\/inspireopenspace.projectlibrary.eu\/wp-content\/uploads\/2022\/02\/DIMITRIA3-1-150x150.jpg\" alt=\"DIMITRIA3\" \/><\/figure><\/div><div class=\"swiper-slide\" role=\"group\" aria-roledescription=\"slide\" aria-label=\"3 z 6\"><figure class=\"swiper-slide-inner\"><img decoding=\"async\" class=\"swiper-slide-image\" src=\"https:\/\/inspireopenspace.projectlibrary.eu\/wp-content\/uploads\/2022\/02\/aristo_new-1-150x150.jpg\" alt=\"aristo_new\" \/><\/figure><\/div><div class=\"swiper-slide\" role=\"group\" aria-roledescription=\"slide\" aria-label=\"4 z 6\"><figure class=\"swiper-slide-inner\"><img decoding=\"async\" class=\"swiper-slide-image\" src=\"https:\/\/inspireopenspace.projectlibrary.eu\/wp-content\/uploads\/2022\/02\/tucep-1-1-150x150.jpg\" alt=\"tucep-1\" \/><\/figure><\/div><div class=\"swiper-slide\" role=\"group\" aria-roledescription=\"slide\" aria-label=\"5 z 6\"><figure class=\"swiper-slide-inner\"><img decoding=\"async\" class=\"swiper-slide-image\" src=\"https:\/\/inspireopenspace.projectlibrary.eu\/wp-content\/uploads\/2022\/02\/fh2-1-150x150.jpg\" alt=\"fh2\" \/><\/figure><\/div><div class=\"swiper-slide\" role=\"group\" aria-roledescription=\"slide\" aria-label=\"6 z 6\"><figure class=\"swiper-slide-inner\"><img decoding=\"async\" class=\"swiper-slide-image\" src=\"https:\/\/inspireopenspace.projectlibrary.eu\/wp-content\/uploads\/2022\/02\/Burgaski-1-150x150.jpg\" alt=\"Burgaski\" \/><\/figure><\/div>\t\t\t<\/div>\n\t\t\t\t\t\t\t\n\t\t\t\t\t\t\t\t\t<\/div>\n\t\t\t\t\t\t<\/div>\n\t\t\t\t<\/div>\n\t\t\t\t\t<\/div>\n\t\t<\/div>\n\t\t\t\t\t<\/div>\n\t\t<\/section>\n\t\t\t\t<\/div>\n\t\t","protected":false},"excerpt":{"rendered":"<p>Witaj w otwartym, e-learningowym \u015brodowisku projektu INSPIRE. Dzi\u015b, jako trenerzy i uczestnicy szkole\u0144, musimy zaakceptowa\u0107 er\u0119 cyfrow\u0105. Technologia w edukacji otwiera ogromny [&hellip;]<\/p>\n","protected":false},"author":1,"featured_media":0,"parent":0,"menu_order":0,"comment_status":"closed","ping_status":"closed","template":"elementor_header_footer","meta":{"footnotes":""},"class_list":["post-4243","page","type-page","status-publish","hentry"],"_links":{"self":[{"href":"https:\/\/inspireopenspace.projectlibrary.eu\/pl\/wp-json\/wp\/v2\/pages\/4243","targetHints":{"allow":["GET"]}}],"collection":[{"href":"https:\/\/inspireopenspace.projectlibrary.eu\/pl\/wp-json\/wp\/v2\/pages"}],"about":[{"href":"https:\/\/inspireopenspace.projectlibrary.eu\/pl\/wp-json\/wp\/v2\/types\/page"}],"author":[{"embeddable":true,"href":"https:\/\/inspireopenspace.projectlibrary.eu\/pl\/wp-json\/wp\/v2\/users\/1"}],"replies":[{"embeddable":true,"href":"https:\/\/inspireopenspace.projectlibrary.eu\/pl\/wp-json\/wp\/v2\/comments?post=4243"}],"version-history":[{"count":3,"href":"https:\/\/inspireopenspace.projectlibrary.eu\/pl\/wp-json\/wp\/v2\/pages\/4243\/revisions"}],"predecessor-version":[{"id":4246,"href":"https:\/\/inspireopenspace.projectlibrary.eu\/pl\/wp-json\/wp\/v2\/pages\/4243\/revisions\/4246"}],"wp:attachment":[{"href":"https:\/\/inspireopenspace.projectlibrary.eu\/pl\/wp-json\/wp\/v2\/media?parent=4243"}],"curies":[{"name":"wp","href":"https:\/\/api.w.org\/{rel}","templated":true}]}}