{"id":3686,"date":"2022-02-25T09:06:18","date_gmt":"2022-02-25T09:06:18","guid":{"rendered":"https:\/\/inspireopenspace.projectlibrary.eu\/auszubildende\/"},"modified":"2023-06-23T07:17:55","modified_gmt":"2023-06-23T07:17:55","slug":"auszubildende","status":"publish","type":"page","link":"https:\/\/inspireopenspace.projectlibrary.eu\/de\/auszubildende\/","title":{"rendered":"Auszubildende"},"content":{"rendered":"\t\t<div data-elementor-type=\"wp-page\" data-elementor-id=\"3686\" class=\"elementor elementor-3686 elementor-16\">\n\t\t\t\t\t\t<section class=\"elementor-section elementor-top-section elementor-element elementor-element-7bce8ee elementor-section-boxed elementor-section-height-default elementor-section-height-default\" data-id=\"7bce8ee\" data-element_type=\"section\" data-e-type=\"section\">\n\t\t\t\t\t\t<div class=\"elementor-container elementor-column-gap-default\">\n\t\t\t\t\t<div class=\"elementor-column elementor-col-100 elementor-top-column elementor-element elementor-element-1ecaaaf\" data-id=\"1ecaaaf\" data-element_type=\"column\" data-e-type=\"column\">\n\t\t\t<div class=\"elementor-widget-wrap elementor-element-populated\">\n\t\t\t\t\t\t<div class=\"elementor-element elementor-element-0605dfe elementor-widget elementor-widget-heading\" data-id=\"0605dfe\" data-element_type=\"widget\" data-e-type=\"widget\" data-widget_type=\"heading.default\">\n\t\t\t\t<div class=\"elementor-widget-container\">\n\t\t\t\t\t<h3 class=\"elementor-heading-title elementor-size-default\">Willkommen bei TNA - Trainingsbedarfsanalyse<\/h3>\t\t\t\t<\/div>\n\t\t\t\t<\/div>\n\t\t\t\t<div class=\"elementor-element elementor-element-8e5f79d elementor-widget elementor-widget-text-editor\" data-id=\"8e5f79d\" data-element_type=\"widget\" data-e-type=\"widget\" data-widget_type=\"text-editor.default\">\n\t\t\t\t<div class=\"elementor-widget-container\">\n\t\t\t\t\t\t\t\t\t<p>Bitte machen Sie die folgenden Tests, je nach Ihrem Qualifikationsniveau: EQR 5 (Studierende der Berufsbildung) oder EQR 6 (Studierende des Grundstudiums).<\/p>\n<p>Nach Abschluss des Tests \u00fcberpr\u00fcfen Sie bitte Ihre Ergebnisse. Wenn Sie f\u00fcr eine Kompetenz weniger <strong>als 60 %<\/strong> erhalten haben, k\u00f6nnen Sie mit der Ausbildung f\u00fcr die betreffende Kompetenz fortfahren.<\/p>\n\t\t\t\t\t\t\t\t<\/div>\n\t\t\t\t<\/div>\n\t\t\t\t\t<\/div>\n\t\t<\/div>\n\t\t\t\t\t<\/div>\n\t\t<\/section>\n\t\t\t\t<section class=\"elementor-section elementor-top-section elementor-element elementor-element-e6f7969 elementor-section-boxed elementor-section-height-default elementor-section-height-default\" data-id=\"e6f7969\" data-element_type=\"section\" data-e-type=\"section\">\n\t\t\t\t\t\t<div class=\"elementor-container elementor-column-gap-default\">\n\t\t\t\t\t<div class=\"elementor-column elementor-col-50 elementor-top-column elementor-element elementor-element-333c007\" data-id=\"333c007\" data-element_type=\"column\" data-e-type=\"column\">\n\t\t\t<div class=\"elementor-widget-wrap elementor-element-populated\">\n\t\t\t\t\t\t<div class=\"elementor-element elementor-element-8753176 elementor-align-center elementor-widget elementor-widget-button\" data-id=\"8753176\" data-element_type=\"widget\" data-e-type=\"widget\" data-widget_type=\"button.default\">\n\t\t\t\t<div class=\"elementor-widget-container\">\n\t\t\t\t\t\t\t\t\t<div class=\"elementor-button-wrapper\">\n\t\t\t\t\t<a class=\"elementor-button elementor-button-link elementor-size-sm\" href=\"https:\/\/inspireopenspace.projectlibrary.eu\/tna-1\/\">\n\t\t\t\t\t\t<span class=\"elementor-button-content-wrapper\">\n\t\t\t\t\t\t\t\t\t<span class=\"elementor-button-text\">EQF 5<\/span>\n\t\t\t\t\t<\/span>\n\t\t\t\t\t<\/a>\n\t\t\t\t<\/div>\n\t\t\t\t\t\t\t\t<\/div>\n\t\t\t\t<\/div>\n\t\t\t\t\t<\/div>\n\t\t<\/div>\n\t\t\t\t<div class=\"elementor-column elementor-col-50 elementor-top-column elementor-element elementor-element-04a5e23\" data-id=\"04a5e23\" data-element_type=\"column\" data-e-type=\"column\">\n\t\t\t<div class=\"elementor-widget-wrap elementor-element-populated\">\n\t\t\t\t\t\t<div class=\"elementor-element elementor-element-c161c92 elementor-align-center elementor-widget elementor-widget-button\" data-id=\"c161c92\" data-element_type=\"widget\" data-e-type=\"widget\" data-widget_type=\"button.default\">\n\t\t\t\t<div class=\"elementor-widget-container\">\n\t\t\t\t\t\t\t\t\t<div class=\"elementor-button-wrapper\">\n\t\t\t\t\t<a class=\"elementor-button elementor-button-link elementor-size-sm\" href=\"https:\/\/inspireopenspace.projectlibrary.eu\/tna-eqf-6\/\">\n\t\t\t\t\t\t<span class=\"elementor-button-content-wrapper\">\n\t\t\t\t\t\t\t\t\t<span class=\"elementor-button-text\">EQF 6<\/span>\n\t\t\t\t\t<\/span>\n\t\t\t\t\t<\/a>\n\t\t\t\t<\/div>\n\t\t\t\t\t\t\t\t<\/div>\n\t\t\t\t<\/div>\n\t\t\t\t\t<\/div>\n\t\t<\/div>\n\t\t\t\t\t<\/div>\n\t\t<\/section>\n\t\t\t\t<\/div>\n\t\t","protected":false},"excerpt":{"rendered":"<p>Willkommen bei TNA &#8211; Trainingsbedarfsanalyse Bitte machen Sie die folgenden Tests, je nach Ihrem Qualifikationsniveau: EQR 5 (Studierende der Berufsbildung) oder EQR [&hellip;]<\/p>\n","protected":false},"author":1,"featured_media":0,"parent":0,"menu_order":0,"comment_status":"closed","ping_status":"closed","template":"elementor_header_footer","meta":{"footnotes":""},"class_list":["post-3686","page","type-page","status-publish","hentry"],"_links":{"self":[{"href":"https:\/\/inspireopenspace.projectlibrary.eu\/de\/wp-json\/wp\/v2\/pages\/3686","targetHints":{"allow":["GET"]}}],"collection":[{"href":"https:\/\/inspireopenspace.projectlibrary.eu\/de\/wp-json\/wp\/v2\/pages"}],"about":[{"href":"https:\/\/inspireopenspace.projectlibrary.eu\/de\/wp-json\/wp\/v2\/types\/page"}],"author":[{"embeddable":true,"href":"https:\/\/inspireopenspace.projectlibrary.eu\/de\/wp-json\/wp\/v2\/users\/1"}],"replies":[{"embeddable":true,"href":"https:\/\/inspireopenspace.projectlibrary.eu\/de\/wp-json\/wp\/v2\/comments?post=3686"}],"version-history":[{"count":1,"href":"https:\/\/inspireopenspace.projectlibrary.eu\/de\/wp-json\/wp\/v2\/pages\/3686\/revisions"}],"predecessor-version":[{"id":3687,"href":"https:\/\/inspireopenspace.projectlibrary.eu\/de\/wp-json\/wp\/v2\/pages\/3686\/revisions\/3687"}],"wp:attachment":[{"href":"https:\/\/inspireopenspace.projectlibrary.eu\/de\/wp-json\/wp\/v2\/media?parent=3686"}],"curies":[{"name":"wp","href":"https:\/\/api.w.org\/{rel}","templated":true}]}}